{"id":37,"date":"2024-03-03T14:13:53","date_gmt":"2024-03-03T11:13:53","guid":{"rendered":"https:\/\/safirdemo.com\/atolye\/ekibimiz\/"},"modified":"2024-09-04T12:02:32","modified_gmt":"2024-09-04T09:02:32","slug":"personal-data-protection","status":"publish","type":"page","link":"https:\/\/www.msclojistik.com\/en\/personal-data-protection\/","title":{"rendered":"Personal Data Protection"},"content":{"rendered":"\n<p><strong>MSC Logistics Personal Data Protection and Processing Information Text<\/strong><\/p>\n\n\n\n<p>As MSC Logistics, we attach great importance to the protection of your personal data within the scope of the Personal Data Protection Law No. 6698 (&#8220;KVKK&#8221;). This text has been prepared to inform you about the purposes for which your personal data is processed within the scope of our international home-to-home transportation service, to whom and for what purposes it can be transferred, the data collection method and legal reason, and your rights under the KVKK.<\/p>\n\n\n\n<div class=\"\" data-col=\"2\"><ol class=\"wp-block-list\">\n<li>Data Controller: MSC Logistics Trade Inc. Address: Alemda\u011f Mahallesi 106. Sokak No:30\/A 34794 \u00c7ekmek\u00f6y \/ \u0130stanbul Phone: 444 4 289 E-mail: info@msclojistik.com<\/li>\n\n\n\n<li>Processed Personal Data: Your personal data below may be processed within the scope of international home-to-home transportation service:<\/li>\n<\/ol><\/div>\n\n\n\n<p>Name, surname<\/p>\n\n\n\n<p>Contact information (phone number, e-mail address)<\/p>\n\n\n\n<p>Address information<\/p>\n\n\n\n<p>Passport information<\/p>\n\n\n\n<p>List and characteristics of the items to be transported<\/p>\n\n\n\n<p>Financial information (payment information)<\/p>\n\n\n\n<div class=\"\" data-col=\"2\"><ol start=\"3\" class=\"wp-block-list\">\n<li>Purposes of Processing Personal Data: Your personal data is processed for the following purposes:<\/li>\n<\/ol><\/div>\n\n\n\n<p>Provision and management of transportation service<\/p>\n\n\n\n<p>Establishment and execution of the service agreement<\/p>\n\n\n\n<p>Performance of customs procedures<\/p>\n\n\n\n<p>Management of customer relations and ensuring customer satisfaction<\/p>\n\n\n\n<p>Performance of financial and accounting procedures<\/p>\n\n\n\n<p>Fulfillment of legal obligations<\/p>\n\n\n\n<p>Performance of security and audit processes<\/p>\n\n\n\n<div class=\"\" data-col=\"2\"><ol start=\"4\" class=\"wp-block-list\">\n<li>Transfer of Personal Data: Personal Your data may be transferred to the following persons and organizations for the purposes specified above and in accordance with the KVKK:<\/li>\n<\/ol><\/div>\n\n\n\n<p>Our business partners and service providers in Turkey and abroad<\/p>\n\n\n\n<p>Customs administrations and relevant official institutions<\/p>\n\n\n\n<p>Legally authorized public institutions and organizations<\/p>\n\n\n\n<p>Authorized third parties<\/p>\n\n\n\n<div class=\"\" data-col=\"2\"><ol start=\"5\" class=\"wp-block-list\">\n<li>Personal Data Collection Method and Legal Reason: Your personal data is collected electronically or physically within the scope of the services provided by us, in line with the performance of the contract, fulfillment of legal obligations and our legitimate interests.<\/li>\n\n\n\n<li>Your Rights Under the KVKK: According to Article 11 of the KVKK, you have the following rights regarding your personal data:<\/li>\n<\/ol><\/div>\n\n\n\n<p>To learn whether your personal data is being processed<\/p>\n\n\n\n<p>To request information about your personal data if it has been processed<\/p>\n\n\n\n<p>To learn the purpose of processing your personal data and whether it is being used in accordance with its purpose<\/p>\n\n\n\n<p>To know the third parties to whom your personal data is transferred, whether in Turkey or abroad<\/p>\n\n\n\n<p>To request correction of your personal data if it is processed incompletely or incorrectly<\/p>\n\n\n\n<p>To request deletion or destruction of your personal data within the framework of the conditions stipulated in Article 7 of the KVKK<\/p>\n\n\n\n<p>To request notification of these processes to third parties to whom your personal data is transferred in the event that your personal data is corrected, deleted or destroyed<\/p>\n\n\n\n<p>To object to the emergence of a result against you by exclusively analyzing the processed data with automated systems<\/p>\n\n\n\n<p>To request compensation for the damages if you suffer damages due to the unlawful processing of your personal data<\/p>\n\n\n\n<p>To exercise these rights, you can use the contact information provided above bilgileri arac\u0131l\u0131\u011f\u0131yla bizimle ileti\u015fime ge\u00e7ebilirsiniz.<\/p>\n","protected":false},"excerpt":{"rendered":"<p>MSC Logistics Personal Data Protection and Processing Information Text As MSC Logistics, we attach great importance to the protection of your personal data within the scope of the Personal Data Protection Law No. 6698 (&#8220;KVKK&#8221;). This text has been prepared to inform you about the purposes for which your personal data is processed within the [&hellip;]<\/p>\n","protected":false},"author":1,"featured_media":0,"parent":0,"menu_order":0,"comment_status":"closed","ping_status":"closed","template":"pages\/page-crew.php","meta":{"footnotes":""},"class_list":["post-37","page","type-page","status-publish","hentry"],"_links":{"self":[{"href":"https:\/\/www.msclojistik.com\/en\/wp-json\/wp\/v2\/pages\/37","targetHints":{"allow":["GET"]}}],"collection":[{"href":"https:\/\/www.msclojistik.com\/en\/wp-json\/wp\/v2\/pages"}],"about":[{"href":"https:\/\/www.msclojistik.com\/en\/wp-json\/wp\/v2\/types\/page"}],"author":[{"embeddable":true,"href":"https:\/\/www.msclojistik.com\/en\/wp-json\/wp\/v2\/users\/1"}],"replies":[{"embeddable":true,"href":"https:\/\/www.msclojistik.com\/en\/wp-json\/wp\/v2\/comments?post=37"}],"version-history":[{"count":4,"href":"https:\/\/www.msclojistik.com\/en\/wp-json\/wp\/v2\/pages\/37\/revisions"}],"predecessor-version":[{"id":994,"href":"https:\/\/www.msclojistik.com\/en\/wp-json\/wp\/v2\/pages\/37\/revisions\/994"}],"wp:attachment":[{"href":"https:\/\/www.msclojistik.com\/en\/wp-json\/wp\/v2\/media?parent=37"}],"curies":[{"name":"wp","href":"https:\/\/api.w.org\/{rel}","templated":true}]}}