{"id":52,"date":"2024-03-03T19:33:07","date_gmt":"2024-03-03T16:33:07","guid":{"rendered":"https:\/\/safirdemo.com\/atolye\/sikca-sorulan-sorular\/"},"modified":"2024-08-21T10:11:02","modified_gmt":"2024-08-21T07:11:02","slug":"haufig-gestellte-fragen","status":"publish","type":"page","link":"https:\/\/www.msclojistik.com\/de\/haufig-gestellte-fragen\/","title":{"rendered":"H\u00e4ufig gestellte Fragen"},"content":{"rendered":"\n<p>Menschen, die internationale Transportdienste von Haus zu Haus in Anspruch nehmen m\u00f6chten, suchen in der Regel im Internet nach Antworten auf die Fragen, die ihnen in den Sinn kommen. Wir stellen Ihnen die am h\u00e4ufigsten gestellten Fragen und die Antworten auf diese Fragen zur Verf\u00fcgung.<\/p>\n\n\n<div class=\"safir-faq\">\n\t<div class=\"question\">\n\t\t<div class=\"themeicon icon\">\n\t\t\t<span class=\"themeicon icon\"><svg class=\"themeicon-plus\"><use href=\"#themeicon-plus\"><\/use><\/svg><\/span>\t\t\t<span class=\"themeicon icon\"><svg class=\"themeicon-minus\"><use href=\"#themeicon-minus\"><\/use><\/svg><\/span>\t\t<\/div>\n\t\t<span class=\"text\">Wie funktioniert der internationale Transportprozess?<\/span>\n\t\t<div class=\"openclose plus\"><\/div>\n\t<\/div>\n\t<div class=\"answer\">\n<p class=\"wp-block-safirtema-sorucevap answer safir-faq\">Der internationale Transportprozess umfasst die Schritte Verpacken Ihrer Sachen, Transport mit einem Transportfahrzeug, Zollabfertigung, Ankunft im Zielland und Lieferung an Ihr neues Zuhause.<\/p>\n<\/div>\n<\/div>\n\n<div class=\"safir-faq\">\n\t<div class=\"question\">\n\t\t<div class=\"themeicon icon\">\n\t\t\t<span class=\"themeicon icon\"><svg class=\"themeicon-plus\"><use href=\"#themeicon-plus\"><\/use><\/svg><\/span>\t\t\t<span class=\"themeicon icon\"><svg class=\"themeicon-minus\"><use href=\"#themeicon-minus\"><\/use><\/svg><\/span>\t\t<\/div>\n\t\t<span class=\"text\">Wie kann ich sicherstellen, dass meine Sachen sicher transportiert werden?<\/span>\n\t\t<div class=\"openclose plus\"><\/div>\n\t<\/div>\n\t<div class=\"answer\">\n<p class=\"wp-block-safirtema-sorucevap answer safir-faq\">Ihre Sachen werden sorgf\u00e4ltig mit professionellen Verpackungsmaterialien verpackt und gem\u00e4\u00df internationalen Transportstandards transportiert. Sie k\u00f6nnen f\u00fcr zus\u00e4tzliche Sicherheit sorgen, indem Sie Ihre Sachen w\u00e4hrend des Transports versichern.<\/p>\n<\/div>\n<\/div>\n\n<div class=\"safir-faq\">\n\t<div class=\"question\">\n\t\t<div class=\"themeicon icon\">\n\t\t\t<span class=\"themeicon icon\"><svg class=\"themeicon-plus\"><use href=\"#themeicon-plus\"><\/use><\/svg><\/span>\t\t\t<span class=\"themeicon icon\"><svg class=\"themeicon-minus\"><use href=\"#themeicon-minus\"><\/use><\/svg><\/span>\t\t<\/div>\n\t\t<span class=\"text\">Welche Dokumente sind f\u00fcr den internationalen Transport erforderlich?<\/span>\n\t\t<div class=\"openclose plus\"><\/div>\n\t<\/div>\n\t<div class=\"answer\">\n<p class=\"wp-block-safirtema-sorucevap answer safir-faq\">Erforderlich sind Dokumente wie Passkopie, Visumdokumente, Aufenthaltsbescheinigung, Zollanmeldung, Packliste und Werterkl\u00e4rungsformular. Das Umzugsunternehmen wird Sie mit den erforderlichen Unterlagen unterst\u00fctzen.<\/p>\n<\/div>\n<\/div>\n\n<div class=\"safir-faq\">\n\t<div class=\"question\">\n\t\t<div class=\"themeicon icon\">\n\t\t\t<span class=\"themeicon icon\"><svg class=\"themeicon-plus\"><use href=\"#themeicon-plus\"><\/use><\/svg><\/span>\t\t\t<span class=\"themeicon icon\"><svg class=\"themeicon-minus\"><use href=\"#themeicon-minus\"><\/use><\/svg><\/span>\t\t<\/div>\n\t\t<span class=\"text\">Wie lange dauert der internationale Versand?<\/span>\n\t\t<div class=\"openclose plus\"><\/div>\n\t<\/div>\n\t<div class=\"answer\">\n<p class=\"wp-block-safirtema-sorucevap answer safir-faq\">Die Lieferzeit variiert je nach Transportentfernung, Versandart und Zollabfertigung. Im Allgemeinen kann der Transport auf dem Seeweg 4 bis 8 Wochen und der Transport auf dem Luftweg 1 bis 3 Wochen dauern.<\/p>\n<\/div>\n<\/div>\n\n<div class=\"safir-faq\">\n\t<div class=\"question\">\n\t\t<div class=\"themeicon icon\">\n\t\t\t<span class=\"themeicon icon\"><svg class=\"themeicon-plus\"><use href=\"#themeicon-plus\"><\/use><\/svg><\/span>\t\t\t<span class=\"themeicon icon\"><svg class=\"themeicon-minus\"><use href=\"#themeicon-minus\"><\/use><\/svg><\/span>\t\t<\/div>\n\t\t<span class=\"text\">Wie werden Zollverfahren durchgef\u00fchrt?<\/span>\n\t\t<div class=\"openclose plus\"><\/div>\n\t<\/div>\n\t<div class=\"answer\">\n<p class=\"wp-block-safirtema-sorucevap answer safir-faq\">Das Transportunternehmen unterst\u00fctzt Sie bei der Zollabwicklung. Nachdem die Zollanmeldung und die erforderlichen Dokumente erstellt wurden, passieren Ihre Waren den Zoll. Es werden auch Informationen zu Z\u00f6llen und Z\u00f6llen gegeben.<\/p>\n<\/div>\n<\/div>\n\n<div class=\"safir-faq\">\n\t<div class=\"question\">\n\t\t<div class=\"themeicon icon\">\n\t\t\t<span class=\"themeicon icon\"><svg class=\"themeicon-plus\"><use href=\"#themeicon-plus\"><\/use><\/svg><\/span>\t\t\t<span class=\"themeicon icon\"><svg class=\"themeicon-minus\"><use href=\"#themeicon-minus\"><\/use><\/svg><\/span>\t\t<\/div>\n\t\t<span class=\"text\">Wird in meinem neuen Zuhause ein Montage- und Installationsservice angeboten?<\/span>\n\t\t<div class=\"openclose plus\"><\/div>\n\t<\/div>\n\t<div class=\"answer\">\n<p class=\"wp-block-safirtema-sorucevap answer safir-faq\">Ja, die meisten Unternehmen, die internationale Transportdienstleistungen anbieten, \u00fcbernehmen auch die Montage und Unterbringung Ihrer Sachen in Ihrem neuen Zuhause. Dieser Service macht Ihren Umzugsprozess komfortabler.<\/p>\n<\/div>\n<\/div>","protected":false},"excerpt":{"rendered":"<p>Menschen, die internationale Transportdienste von Haus zu Haus in Anspruch nehmen m\u00f6chten, suchen in der Regel im Internet nach Antworten auf die Fragen, die ihnen in den Sinn kommen. Wir stellen Ihnen die am h\u00e4ufigsten gestellten Fragen und die Antworten auf diese Fragen zur Verf\u00fcgung.<\/p>\n","protected":false},"author":1,"featured_media":0,"parent":0,"menu_order":0,"comment_status":"closed","ping_status":"closed","template":"","meta":{"om_disable_all_campaigns":false,"_monsterinsights_skip_tracking":false,"_monsterinsights_sitenote_active":false,"_monsterinsights_sitenote_note":"","_monsterinsights_sitenote_category":0,"footnotes":""},"class_list":["post-52","page","type-page","status-publish","hentry"],"_links":{"self":[{"href":"https:\/\/www.msclojistik.com\/de\/wp-json\/wp\/v2\/pages\/52","targetHints":{"allow":["GET"]}}],"collection":[{"href":"https:\/\/www.msclojistik.com\/de\/wp-json\/wp\/v2\/pages"}],"about":[{"href":"https:\/\/www.msclojistik.com\/de\/wp-json\/wp\/v2\/types\/page"}],"author":[{"embeddable":true,"href":"https:\/\/www.msclojistik.com\/de\/wp-json\/wp\/v2\/users\/1"}],"replies":[{"embeddable":true,"href":"https:\/\/www.msclojistik.com\/de\/wp-json\/wp\/v2\/comments?post=52"}],"version-history":[{"count":2,"href":"https:\/\/www.msclojistik.com\/de\/wp-json\/wp\/v2\/pages\/52\/revisions"}],"predecessor-version":[{"id":1009,"href":"https:\/\/www.msclojistik.com\/de\/wp-json\/wp\/v2\/pages\/52\/revisions\/1009"}],"wp:attachment":[{"href":"https:\/\/www.msclojistik.com\/de\/wp-json\/wp\/v2\/media?parent=52"}],"curies":[{"name":"wp","href":"https:\/\/api.w.org\/{rel}","templated":true}]}}