{"id":50,"date":"2024-03-03T19:31:58","date_gmt":"2024-03-03T16:31:58","guid":{"rendered":"https:\/\/safirdemo.com\/atolye\/online-katalog\/"},"modified":"2024-08-21T10:04:51","modified_gmt":"2024-08-21T07:04:51","slug":"servicevereinbarung","status":"publish","type":"page","link":"https:\/\/www.msclojistik.com\/de\/servicevereinbarung\/","title":{"rendered":"Servicevereinbarung"},"content":{"rendered":"\n<p>Die Vertragsklauseln, die wir bei der Inanspruchnahme unserer Leistungen gegenseitig unterzeichnet haben, lauten wie folgt.<\/p>\n\n\n\n<div class=\"\" data-col=\"2\"><ol class=\"wp-block-list\">\n<li>Die Lieferung, Demontage, Verpackung, Verpackung, Montage und Versicherung erfolgt durch unser Unternehmen.<\/li>\n\n\n\n<li>Die Versicherung ist in unseren Preisen inbegriffen.<\/li>\n\n\n\n<li>Der Vertrag kann nach Abschluss der Versicherung nicht gek\u00fcndigt werden. Eine Verschiebung um einen Tag muss unserem Unternehmen 24 Stunden im Voraus mitgeteilt werden. Andernfalls wird die vom Kunden erhaltene Anzahlung nicht zur\u00fcckerstattet.<\/li>\n\n\n\n<li>F\u00fcr Arbeitsverz\u00f6gerungen, die nicht durch unser Unternehmen verursacht wurden, bestehen keine gesetzlichen Anspr\u00fcche des Arbeitgebers. Sofern es nicht zu einer Verz\u00f6gerung seitens des Kunden kommt, betr\u00e4gt die Lieferzeit Ihrer Ware gem\u00e4\u00df internationalem Transportrecht 90 Tage. Unter normalen Umst\u00e4nden betr\u00e4gt die Lieferzeit unseres Unternehmens 14 Tage.<\/li>\n\n\n\n<li>Unser Unternehmen \u00fcbernimmt keine Haftung f\u00fcr Geld und Schmuck w\u00e4hrend des Transports.<\/li>\n\n\n\n<li>Der Safe ist nicht in den Versandkosten f\u00fcr das Klavier enthalten.<\/li>\n\n\n\n<li>Die Vorbereitung aller f\u00fcr den Umzug erforderlichen Materialien erfolgt durch unser Unternehmen. Auch die Verpackung von Gem\u00e4lden, zerbrechlichen Gegenst\u00e4nden, Vasen und \u00e4hnlichen Produkten erfolgt durch unser Unternehmen.<\/li>\n\n\n\n<li>Die Zollverfahren werden von MSC Logistics durchgef\u00fchrt. Die Zollkosten werden von unserem Unternehmen \u00fcbernommen. Der Kunde ist verpflichtet, die f\u00fcr den Zoll erforderlichen Dokumente vollst\u00e4ndig und vollst\u00e4ndig bereitzustellen.<\/li>\n\n\n\n<li>Die f\u00fcr die Zollabfertigung erforderlichen Unterlagen werden Ihnen als Anlage zugesandt.<\/li>\n\n\n\n<li>Der Transport Ihrer Sachen erfolgt mit der Versicherung der Allianz Versicherung.<\/li>\n\n\n\n<li>Reservierungen, f\u00fcr die keine Anzahlung geleistet wurde, k\u00f6nnen vom Unternehmen storniert werden.<\/li>\n\n\n\n<li>Strafklausel: Dieser Vertrag gilt ab dem Datum, an dem er zwischen den Parteien geschlossen wurde. F\u00fcr den Fall, dass der Vertrag aus anderen Gr\u00fcnden als h\u00f6herer Gewalt gek\u00fcndigt wird, akzeptieren beide Parteien eine Vertragsstrafe in H\u00f6he von 20 % und verpflichten sich, diese bedingungslos zu zahlen die Transportkosten.<\/li>\n\n\n\n<li>Unsere Preise verstehen sich zuz\u00fcglich 20 % Mehrwertsteuer. (Auf internationalen Rechnungen wird keine Mehrwertsteuer erhoben)<\/li>\n\n\n\n<li>Kunde und MSC LOJ\u0130ST\u0130K A.\u015e. Diese Vereinbarung wurde vom Unternehmen unterzeichnet, indem es den oben genannten Bedingungen zustimmt.<\/li>\n<\/ol><\/div>\n\n\n\n<p>Vertragsbeendigung Dieser Vertrag endet, wenn das Unternehmen MSC Logistics die Waren unbesch\u00e4digt an die neue Umzugsadresse liefert, sie wie in diesem Vertrag angegeben abstellt und diese Adresse verl\u00e4sst. Werden bei der Lieferung Sch\u00e4den an den Artikeln festgestellt, so ist dies in einem Protokoll festzuhalten.<\/p>\n","protected":false},"excerpt":{"rendered":"<p>Die Vertragsklauseln, die wir bei der Inanspruchnahme unserer Leistungen gegenseitig unterzeichnet haben, lauten wie folgt. Vertragsbeendigung Dieser Vertrag endet, wenn das Unternehmen MSC Logistics die Waren unbesch\u00e4digt an die neue Umzugsadresse liefert, sie wie in diesem Vertrag angegeben abstellt und diese Adresse verl\u00e4sst. Werden bei der Lieferung Sch\u00e4den an den Artikeln festgestellt, so ist dies [&hellip;]<\/p>\n","protected":false},"author":1,"featured_media":0,"parent":0,"menu_order":0,"comment_status":"closed","ping_status":"closed","template":"pages\/page-full.php","meta":{"om_disable_all_campaigns":false,"_monsterinsights_skip_tracking":false,"_monsterinsights_sitenote_active":false,"_monsterinsights_sitenote_note":"","_monsterinsights_sitenote_category":0,"footnotes":""},"class_list":["post-50","page","type-page","status-publish","hentry"],"_links":{"self":[{"href":"https:\/\/www.msclojistik.com\/de\/wp-json\/wp\/v2\/pages\/50","targetHints":{"allow":["GET"]}}],"collection":[{"href":"https:\/\/www.msclojistik.com\/de\/wp-json\/wp\/v2\/pages"}],"about":[{"href":"https:\/\/www.msclojistik.com\/de\/wp-json\/wp\/v2\/types\/page"}],"author":[{"embeddable":true,"href":"https:\/\/www.msclojistik.com\/de\/wp-json\/wp\/v2\/users\/1"}],"replies":[{"embeddable":true,"href":"https:\/\/www.msclojistik.com\/de\/wp-json\/wp\/v2\/comments?post=50"}],"version-history":[{"count":3,"href":"https:\/\/www.msclojistik.com\/de\/wp-json\/wp\/v2\/pages\/50\/revisions"}],"predecessor-version":[{"id":1005,"href":"https:\/\/www.msclojistik.com\/de\/wp-json\/wp\/v2\/pages\/50\/revisions\/1005"}],"wp:attachment":[{"href":"https:\/\/www.msclojistik.com\/de\/wp-json\/wp\/v2\/media?parent=50"}],"curies":[{"name":"wp","href":"https:\/\/api.w.org\/{rel}","templated":true}]}}